{"id":6697,"date":"2024-07-12T15:17:29","date_gmt":"2024-07-12T13:17:29","guid":{"rendered":"https:\/\/degrowth.org\/projectes\/resums-de-politiques-publiques\/"},"modified":"2025-10-24T11:19:41","modified_gmt":"2025-10-24T09:19:41","slug":"resums-de-politiques-publiques","status":"publish","type":"page","link":"https:\/\/degrowth.org\/ca\/projectes\/resums-de-politiques-publiques\/","title":{"rendered":"Resums de pol\u00edtiques p\u00fabliques"},"content":{"rendered":"\t\t<div data-elementor-type=\"wp-page\" data-elementor-id=\"6697\" class=\"elementor elementor-6697 elementor-793\" data-elementor-post-type=\"page\">\n\t\t\t\t<div class=\"elementor-element elementor-element-59aacfa7 e-flex e-con-boxed e-con e-parent\" data-id=\"59aacfa7\" data-element_type=\"container\" data-e-type=\"container\" data-settings=\"{&quot;background_background&quot;:&quot;classic&quot;}\">\n\t\t\t\t\t<div class=\"e-con-inner\">\n\t\t<div class=\"elementor-element elementor-element-ca46bff e-con-full e-flex e-con e-child\" data-id=\"ca46bff\" data-element_type=\"container\" data-e-type=\"container\">\n\t\t\t\t<div class=\"elementor-element elementor-element-daebe4e elementor-widget elementor-widget-heading\" data-id=\"daebe4e\" data-element_type=\"widget\" data-e-type=\"widget\" data-widget_type=\"heading.default\">\n\t\t\t\t<div class=\"elementor-widget-container\">\n\t\t\t\t\t<h2 class=\"elementor-heading-title elementor-size-default\">Resums de Pol\u00edtiques P\u00fabliques<\/h2>\t\t\t\t<\/div>\n\t\t\t\t<\/div>\n\t\t\t\t<\/div>\n\t\t\t\t\t<\/div>\n\t\t\t\t<\/div>\n\t\t<div class=\"elementor-element elementor-element-06b2bb4 e-flex e-con-boxed e-con e-parent\" data-id=\"06b2bb4\" data-element_type=\"container\" data-e-type=\"container\">\n\t\t\t\t\t<div class=\"e-con-inner\">\n\t\t\t\t<div class=\"elementor-element elementor-element-e521978 elementor-widget elementor-widget-text-editor\" data-id=\"e521978\" data-element_type=\"widget\" data-e-type=\"widget\" data-widget_type=\"text-editor.default\">\n\t\t\t\t<div class=\"elementor-widget-container\">\n\t\t\t\t\t\t\t\t\t<p>Els nostres resums de pol\u00edtiques p\u00fabliques de decreixement s\u00f3n un instrument crucial en el discurs actual entorn dels models econ\u00f2mics ecol\u00f2gics. Aquests documents ben estudiats desafien les pol\u00edtiques convencionals centrades en el creixement presentant arguments basats en l&#8217;evid\u00e8ncia i alternatives aplicables.<\/p>\n<p>Aquests resums aborden q\u00fcestions clau com un Green New Deal sense Creixement, una Renda B\u00e0sica Universal, Sindicats i Decreixement, Municipis i Decreixement, fins i tot un informe sobre Decreixer la industria textil que va ser finan\u00e7at a trav\u00e9s d&#8217;un crowdfunding el 2023. Aquests documents s\u00f3n catalitzadors del canvi transformador, oferint un full de ruta cap a un futur m\u00e9s resilient, equitatiu i ambientalment responsable que benefici\u00ef tant a les generacions actuals com a les futures.<\/p>\n\t\t\t\t\t\t\t\t<\/div>\n\t\t\t\t<\/div>\n\t\t\t\t\t<\/div>\n\t\t\t\t<\/div>\n\t\t<div class=\"elementor-element elementor-element-75cdb10 e-flex e-con-boxed e-con e-parent\" data-id=\"75cdb10\" data-element_type=\"container\" data-e-type=\"container\">\n\t\t\t\t\t<div class=\"e-con-inner\">\n\t\t\t\t\t<\/div>\n\t\t\t\t<\/div>\n\t\t<div class=\"elementor-element elementor-element-ae9cb2b e-flex e-con-boxed e-con e-parent\" data-id=\"ae9cb2b\" data-element_type=\"container\" data-e-type=\"container\">\n\t\t\t\t\t<div class=\"e-con-inner\">\n\t\t\t\t<div class=\"elementor-element elementor-element-7d38e63 animated-fast elementor-invisible elementor-widget elementor-widget-heading\" data-id=\"7d38e63\" data-element_type=\"widget\" data-e-type=\"widget\" data-settings=\"{&quot;_animation&quot;:&quot;fadeInUp&quot;}\" data-widget_type=\"heading.default\">\n\t\t\t\t<div class=\"elementor-widget-container\">\n\t\t\t\t\t<h2 class=\"elementor-heading-title elementor-size-default\">proximament publicarem m\u00e9s...<\/h2>\t\t\t\t<\/div>\n\t\t\t\t<\/div>\n\t\t\t\t\t<\/div>\n\t\t\t\t<\/div>\n\t\t\t\t<\/div>\n\t\t","protected":false},"excerpt":{"rendered":"<p>Resums de Pol\u00edtiques P\u00fabliques Els nostres resums de pol\u00edtiques p\u00fabliques de decreixement s\u00f3n un instrument crucial en el discurs actual entorn dels models econ\u00f2mics ecol\u00f2gics. Aquests documents ben estudiats desafien les pol\u00edtiques convencionals centrades en el creixement presentant arguments basats en l&#8217;evid\u00e8ncia i alternatives aplicables. Aquests resums aborden q\u00fcestions clau com un Green New Deal [&hellip;]<\/p>\n","protected":false},"author":1,"featured_media":0,"parent":6453,"menu_order":0,"comment_status":"closed","ping_status":"closed","template":"","meta":{"footnotes":""},"class_list":["post-6697","page","type-page","status-publish","hentry"],"jetpack_sharing_enabled":true,"_links":{"self":[{"href":"https:\/\/degrowth.org\/ca\/wp-json\/wp\/v2\/pages\/6697","targetHints":{"allow":["GET"]}}],"collection":[{"href":"https:\/\/degrowth.org\/ca\/wp-json\/wp\/v2\/pages"}],"about":[{"href":"https:\/\/degrowth.org\/ca\/wp-json\/wp\/v2\/types\/page"}],"author":[{"embeddable":true,"href":"https:\/\/degrowth.org\/ca\/wp-json\/wp\/v2\/users\/1"}],"replies":[{"embeddable":true,"href":"https:\/\/degrowth.org\/ca\/wp-json\/wp\/v2\/comments?post=6697"}],"version-history":[{"count":6,"href":"https:\/\/degrowth.org\/ca\/wp-json\/wp\/v2\/pages\/6697\/revisions"}],"predecessor-version":[{"id":7959,"href":"https:\/\/degrowth.org\/ca\/wp-json\/wp\/v2\/pages\/6697\/revisions\/7959"}],"up":[{"embeddable":true,"href":"https:\/\/degrowth.org\/ca\/wp-json\/wp\/v2\/pages\/6453"}],"wp:attachment":[{"href":"https:\/\/degrowth.org\/ca\/wp-json\/wp\/v2\/media?parent=6697"}],"curies":[{"name":"wp","href":"https:\/\/api.w.org\/{rel}","templated":true}]}}