{"id":6517,"date":"2024-12-02T14:15:56","date_gmt":"2024-12-02T12:15:56","guid":{"rendered":"https:\/\/degrowth.org\/?page_id=6517"},"modified":"2026-01-13T18:13:30","modified_gmt":"2026-01-13T16:13:30","slug":"congres-sentit-comunal-comunalismes-i-decreixements","status":"publish","type":"page","link":"https:\/\/degrowth.org\/ca\/projectes\/congres-sentit-comunal-comunalismes-i-decreixements\/","title":{"rendered":"Congres: SENTIT COMUNAL. COMUNALISMES I DECREIXEMENTS"},"content":{"rendered":"\t\t<div data-elementor-type=\"wp-page\" data-elementor-id=\"6517\" class=\"elementor elementor-6517 elementor-6511\" data-elementor-post-type=\"page\">\n\t\t\t\t<div class=\"elementor-element elementor-element-b4b5c63 e-flex e-con-boxed e-con e-parent\" data-id=\"b4b5c63\" data-element_type=\"container\" data-e-type=\"container\" data-settings=\"{&quot;background_background&quot;:&quot;classic&quot;}\">\n\t\t\t\t\t<div class=\"e-con-inner\">\n\t\t\t\t<div class=\"elementor-element elementor-element-5406094 elementor-widget elementor-widget-image\" data-id=\"5406094\" data-element_type=\"widget\" data-e-type=\"widget\" data-widget_type=\"image.default\">\n\t\t\t\t<div class=\"elementor-widget-container\">\n\t\t\t\t\t\t\t\t\t\t\t\t\t\t\t<img fetchpriority=\"high\" decoding=\"async\" width=\"768\" height=\"135\" src=\"https:\/\/degrowth.org\/wp-content\/uploads\/2026\/01\/9140ca79-0e05-4591-93dd-57eed9f3ecf0-e1767615429838-768x135.jpeg\" class=\"attachment-medium_large size-medium_large wp-image-8340\" alt=\"\" srcset=\"https:\/\/degrowth.org\/wp-content\/uploads\/2026\/01\/9140ca79-0e05-4591-93dd-57eed9f3ecf0-e1767615429838-768x135.jpeg 768w, https:\/\/degrowth.org\/wp-content\/uploads\/2026\/01\/9140ca79-0e05-4591-93dd-57eed9f3ecf0-e1767615429838-300x53.jpeg 300w, https:\/\/degrowth.org\/wp-content\/uploads\/2026\/01\/9140ca79-0e05-4591-93dd-57eed9f3ecf0-e1767615429838.jpeg 939w\" sizes=\"(max-width: 768px) 100vw, 768px\" \/>\t\t\t\t\t\t\t\t\t\t\t\t\t\t\t<\/div>\n\t\t\t\t<\/div>\n\t\t\t\t\t<\/div>\n\t\t\t\t<\/div>\n\t\t<div class=\"elementor-element elementor-element-5de99c1 e-grid e-con-boxed e-con e-parent\" data-id=\"5de99c1\" data-element_type=\"container\" data-e-type=\"container\">\n\t\t\t\t\t<div class=\"e-con-inner\">\n\t\t\t\t<div class=\"elementor-element elementor-element-49cb44f elementor-widget elementor-widget-text-editor\" data-id=\"49cb44f\" data-element_type=\"widget\" data-e-type=\"widget\" data-widget_type=\"text-editor.default\">\n\t\t\t\t<div class=\"elementor-widget-container\">\n\t\t\t\t\t\t\t\t\t<p>Des de <a href=\"https:\/\/degrowth.org\/ca\/\" target=\"_blank\" rel=\"noopener\"><strong>Research &amp; Degrowth<\/strong><\/a> i <a href=\"https:\/\/emprius.cat\/\" target=\"_blank\" rel=\"noopener\"><strong>Fundaci\u00f3 Emprius<\/strong><\/a> \u2013amb la col\u00b7laboraci\u00f3 <a href=\"https:\/\/www.ecologistasenaccion.org\/federaciones\/catalunya\/\" target=\"_blank\" rel=\"noopener\">d&#8217;Ecologistes en Acci\u00f3 <\/a>i <a href=\"https:\/\/www.rebelioncientifica.es\/\" target=\"_blank\" rel=\"noopener\">Rebeli\u00f3n Cient\u00edfica<\/a>\u2013, us presentem la <strong>segona edici\u00f3<\/strong>\u00a0del congr\u00e9s\u00a0<b>\u201cSentit comunal\u201d<\/b>, aquesta vegada enfocada en la tem\u00e0tica\u00a0<em><b>\u201cM\u00f3n rural i cultura popular\u201d<\/b><\/em>. Tindr\u00e0 lloc a\u00a0<strong>Berga<\/strong>\u00a0el dissabte<strong>\u00a017 de gener de 2026<\/strong>.<\/p><p>Es tocaran q\u00fcestions com l\u2019<strong>autogovern als pobles<\/strong>\u00a0mitjan\u00e7ant assemblees ve\u00efnals, els\u00a0<strong>oficis i sabers<\/strong>, les formes de\u00a0<strong>treball comunal<\/strong>, els projectes de\u00a0<strong>transmissi\u00f3 de coneixements<\/strong>\u00a0i i la\u00a0<strong>festa<\/strong>\u00a0i la\u00a0<strong>celebraci\u00f3<\/strong>, i ho posarem a la pr\u00e0ctica amb\u00a0<strong>tallers<\/strong>.<\/p><div aria-live=\"assertive\"><em>\u201cSentit comunal\u201d<\/em>\u00a0\u00e9s una iniciativa co-liderada des de\u00a0<a href=\"https:\/\/emprius.cat\/\" target=\"_blank\" rel=\"noopener\">Fundaci\u00f3 Emprius<\/a>\u00a0i\u00a0<a href=\"https:\/\/degrowth.org\/\" target=\"_blank\" rel=\"noopener\">Research &amp; Degrowth<\/a>, per promoure espais de reflexi\u00f3 sobre el comunalisme i el decreixement com a perspectives molt necess\u00e0ries de transformaci\u00f3 social.<\/div><div aria-live=\"assertive\">\u00a0<\/div><p>Podeu trobar els horaris, els detalls de les pon\u00e8ncies, les ubicacions i molts altres detalls al\u00a0<strong>dossier i a la web de <a href=\"https:\/\/emprius.cat\/\">Fundaci\u00f3 Emprius<\/a>.<\/strong><\/p>\t\t\t\t\t\t\t\t<\/div>\n\t\t\t\t<\/div>\n\t\t\t\t<div class=\"elementor-element elementor-element-481008a elementor-widget elementor-widget-image\" data-id=\"481008a\" data-element_type=\"widget\" data-e-type=\"widget\" data-widget_type=\"image.default\">\n\t\t\t\t<div class=\"elementor-widget-container\">\n\t\t\t\t\t\t\t\t\t\t\t\t\t\t\t<img decoding=\"async\" width=\"800\" height=\"1000\" src=\"https:\/\/degrowth.org\/wp-content\/uploads\/2026\/01\/9140ca79-0e05-4591-93dd-57eed9f3ecf0-1-819x1024.jpeg\" class=\"attachment-large size-large wp-image-8347\" alt=\"\" srcset=\"https:\/\/degrowth.org\/wp-content\/uploads\/2026\/01\/9140ca79-0e05-4591-93dd-57eed9f3ecf0-1-819x1024.jpeg 819w, https:\/\/degrowth.org\/wp-content\/uploads\/2026\/01\/9140ca79-0e05-4591-93dd-57eed9f3ecf0-1-240x300.jpeg 240w, https:\/\/degrowth.org\/wp-content\/uploads\/2026\/01\/9140ca79-0e05-4591-93dd-57eed9f3ecf0-1-768x960.jpeg 768w, https:\/\/degrowth.org\/wp-content\/uploads\/2026\/01\/9140ca79-0e05-4591-93dd-57eed9f3ecf0-1.jpeg 1080w\" sizes=\"(max-width: 800px) 100vw, 800px\" \/>\t\t\t\t\t\t\t\t\t\t\t\t\t\t\t<\/div>\n\t\t\t\t<\/div>\n\t\t\t\t\t<\/div>\n\t\t\t\t<\/div>\n\t\t<div class=\"elementor-element elementor-element-9d936fc e-flex e-con-boxed e-con e-parent\" data-id=\"9d936fc\" data-element_type=\"container\" data-e-type=\"container\">\n\t\t\t\t\t<div class=\"e-con-inner\">\n\t\t\t\t<div class=\"elementor-element elementor-element-eeca5e8 elementor-align-center e-transform e-transform elementor-widget elementor-widget-button\" data-id=\"eeca5e8\" data-element_type=\"widget\" data-e-type=\"widget\" data-settings=\"{&quot;_transform_scale_effect_hover&quot;:{&quot;unit&quot;:&quot;px&quot;,&quot;size&quot;:&quot;0.9&quot;,&quot;sizes&quot;:[]},&quot;_transform_translateX_effect_hover&quot;:{&quot;unit&quot;:&quot;px&quot;,&quot;size&quot;:&quot;&quot;,&quot;sizes&quot;:[]},&quot;_transform_translateX_effect_hover_tablet&quot;:{&quot;unit&quot;:&quot;px&quot;,&quot;size&quot;:&quot;&quot;,&quot;sizes&quot;:[]},&quot;_transform_translateX_effect_hover_mobile&quot;:{&quot;unit&quot;:&quot;px&quot;,&quot;size&quot;:&quot;&quot;,&quot;sizes&quot;:[]},&quot;_transform_translateY_effect_hover&quot;:{&quot;unit&quot;:&quot;px&quot;,&quot;size&quot;:&quot;&quot;,&quot;sizes&quot;:[]},&quot;_transform_translateY_effect_hover_tablet&quot;:{&quot;unit&quot;:&quot;px&quot;,&quot;size&quot;:&quot;&quot;,&quot;sizes&quot;:[]},&quot;_transform_translateY_effect_hover_mobile&quot;:{&quot;unit&quot;:&quot;px&quot;,&quot;size&quot;:&quot;&quot;,&quot;sizes&quot;:[]},&quot;_transform_scale_effect_hover_tablet&quot;:{&quot;unit&quot;:&quot;px&quot;,&quot;size&quot;:&quot;&quot;,&quot;sizes&quot;:[]},&quot;_transform_scale_effect_hover_mobile&quot;:{&quot;unit&quot;:&quot;px&quot;,&quot;size&quot;:&quot;&quot;,&quot;sizes&quot;:[]}}\" data-widget_type=\"button.default\">\n\t\t\t\t<div class=\"elementor-widget-container\">\n\t\t\t\t\t\t\t\t\t<div class=\"elementor-button-wrapper\">\n\t\t\t\t\t<a class=\"elementor-button elementor-button-link elementor-size-sm\" href=\"https:\/\/cloud.dabax.net\/index.php\/s\/xWZAKS7LR4i97jX?dir=\/&#038;openfile=true\" target=\"_blank\">\n\t\t\t\t\t\t<span class=\"elementor-button-content-wrapper\">\n\t\t\t\t\t\t\t\t\t<span class=\"elementor-button-text\">Dossier [cat]<\/span>\n\t\t\t\t\t<\/span>\n\t\t\t\t\t<\/a>\n\t\t\t\t<\/div>\n\t\t\t\t\t\t\t\t<\/div>\n\t\t\t\t<\/div>\n\t\t\t\t<div class=\"elementor-element elementor-element-efb4984 elementor-align-center e-transform e-transform elementor-widget elementor-widget-button\" data-id=\"efb4984\" data-element_type=\"widget\" data-e-type=\"widget\" data-settings=\"{&quot;_transform_scale_effect_hover&quot;:{&quot;unit&quot;:&quot;px&quot;,&quot;size&quot;:&quot;0.9&quot;,&quot;sizes&quot;:[]},&quot;_transform_translateX_effect_hover&quot;:{&quot;unit&quot;:&quot;px&quot;,&quot;size&quot;:&quot;&quot;,&quot;sizes&quot;:[]},&quot;_transform_translateX_effect_hover_tablet&quot;:{&quot;unit&quot;:&quot;px&quot;,&quot;size&quot;:&quot;&quot;,&quot;sizes&quot;:[]},&quot;_transform_translateX_effect_hover_mobile&quot;:{&quot;unit&quot;:&quot;px&quot;,&quot;size&quot;:&quot;&quot;,&quot;sizes&quot;:[]},&quot;_transform_translateY_effect_hover&quot;:{&quot;unit&quot;:&quot;px&quot;,&quot;size&quot;:&quot;&quot;,&quot;sizes&quot;:[]},&quot;_transform_translateY_effect_hover_tablet&quot;:{&quot;unit&quot;:&quot;px&quot;,&quot;size&quot;:&quot;&quot;,&quot;sizes&quot;:[]},&quot;_transform_translateY_effect_hover_mobile&quot;:{&quot;unit&quot;:&quot;px&quot;,&quot;size&quot;:&quot;&quot;,&quot;sizes&quot;:[]},&quot;_transform_scale_effect_hover_tablet&quot;:{&quot;unit&quot;:&quot;px&quot;,&quot;size&quot;:&quot;&quot;,&quot;sizes&quot;:[]},&quot;_transform_scale_effect_hover_mobile&quot;:{&quot;unit&quot;:&quot;px&quot;,&quot;size&quot;:&quot;&quot;,&quot;sizes&quot;:[]}}\" data-widget_type=\"button.default\">\n\t\t\t\t<div class=\"elementor-widget-container\">\n\t\t\t\t\t\t\t\t\t<div class=\"elementor-button-wrapper\">\n\t\t\t\t\t<a class=\"elementor-button elementor-button-link elementor-size-sm\" href=\"https:\/\/cloud.dabax.net\/index.php\/s\/zncBkgp5oPStR2A?dir=\/&#038;openfile=true\" target=\"_blank\">\n\t\t\t\t\t\t<span class=\"elementor-button-content-wrapper\">\n\t\t\t\t\t\t\t\t\t<span class=\"elementor-button-text\">Dosier [cast]<\/span>\n\t\t\t\t\t<\/span>\n\t\t\t\t\t<\/a>\n\t\t\t\t<\/div>\n\t\t\t\t\t\t\t\t<\/div>\n\t\t\t\t<\/div>\n\t\t\t\t\t<\/div>\n\t\t\t\t<\/div>\n\t\t<div class=\"elementor-element elementor-element-361e9f8 elementor-hidden-mobile e-flex e-con-boxed e-con e-parent\" data-id=\"361e9f8\" data-element_type=\"container\" data-e-type=\"container\">\n\t\t\t\t\t<div class=\"e-con-inner\">\n\t\t\t\t<div class=\"elementor-element elementor-element-93570e6 elementor-widget-divider--view-line elementor-widget elementor-widget-divider\" data-id=\"93570e6\" data-element_type=\"widget\" data-e-type=\"widget\" data-widget_type=\"divider.default\">\n\t\t\t\t<div class=\"elementor-widget-container\">\n\t\t\t\t\t\t\t<div class=\"elementor-divider\">\n\t\t\t<span class=\"elementor-divider-separator\">\n\t\t\t\t\t\t<\/span>\n\t\t<\/div>\n\t\t\t\t\t\t<\/div>\n\t\t\t\t<\/div>\n\t\t\t\t\t<\/div>\n\t\t\t\t<\/div>\n\t\t<div class=\"elementor-element elementor-element-8a9b491 e-flex e-con-boxed e-con e-parent\" data-id=\"8a9b491\" data-element_type=\"container\" data-e-type=\"container\">\n\t\t\t\t\t<div class=\"e-con-inner\">\n\t\t\t\t<div class=\"elementor-element elementor-element-66eaaaa elementor-widget elementor-widget-text-editor\" data-id=\"66eaaaa\" data-element_type=\"widget\" data-e-type=\"widget\" data-widget_type=\"text-editor.default\">\n\t\t\t\t<div class=\"elementor-widget-container\">\n\t\t\t\t\t\t\t\t\t<p>La primera edici\u00f3, titulada &#8220;Comunalismes i Decreixements&#8221; va generar molt d&#8217;inter\u00e8s i l&#8217;assist\u00e8ncia va ser un \u00e8xit. Els quatre blocs estan disponibles en <a href=\"https:\/\/www.youtube.com\/@FundacioEmprius\/videos\" target=\"_blank\" rel=\"noopener\">v\u00eddeo<\/a>.<\/p><p>Igual que a la primera edici\u00f3, el dia anterior es dur\u00e0 a terme una trobada amb organitzacions i col\u00b7lectius que treballen els comunalismes i el decreixement des de la perspectiva rural i de la cultura popular.<br \/>Per a m\u00e9s informaci\u00f3 sobre el dia intern contacteu a <a href=\"mailto:stephanie@degrowth.org\">stephanie@degrowth.org<\/a>.<\/p>\t\t\t\t\t\t\t\t<\/div>\n\t\t\t\t<\/div>\n\t\t\t\t\t<\/div>\n\t\t\t\t<\/div>\n\t\t<div class=\"elementor-element elementor-element-54f90ba elementor-hidden-mobile e-flex e-con-boxed e-con e-parent\" data-id=\"54f90ba\" data-element_type=\"container\" data-e-type=\"container\">\n\t\t\t\t\t<div class=\"e-con-inner\">\n\t\t\t\t<div class=\"elementor-element elementor-element-6c01623 elementor-widget-divider--view-line elementor-widget elementor-widget-divider\" data-id=\"6c01623\" data-element_type=\"widget\" data-e-type=\"widget\" data-widget_type=\"divider.default\">\n\t\t\t\t<div class=\"elementor-widget-container\">\n\t\t\t\t\t\t\t<div class=\"elementor-divider\">\n\t\t\t<span class=\"elementor-divider-separator\">\n\t\t\t\t\t\t<\/span>\n\t\t<\/div>\n\t\t\t\t\t\t<\/div>\n\t\t\t\t<\/div>\n\t\t\t\t\t<\/div>\n\t\t\t\t<\/div>\n\t\t<div class=\"elementor-element elementor-element-118f3e3 e-flex e-con-boxed e-con e-parent\" data-id=\"118f3e3\" data-element_type=\"container\" data-e-type=\"container\">\n\t\t\t\t\t<div class=\"e-con-inner\">\n\t\t<div class=\"elementor-element elementor-element-e1f4212 e-con-full e-flex e-con e-child\" data-id=\"e1f4212\" data-element_type=\"container\" data-e-type=\"container\">\n\t\t\t\t<div class=\"elementor-element elementor-element-94cc4be elementor-widget elementor-widget-heading\" data-id=\"94cc4be\" data-element_type=\"widget\" data-e-type=\"widget\" data-widget_type=\"heading.default\">\n\t\t\t\t<div class=\"elementor-widget-container\">\n\t\t\t\t\t<h4 class=\"elementor-heading-title elementor-size-default\">Feu c\u00f3rrer la veu i ajudeu a difondre el cartell!<\/h4>\t\t\t\t<\/div>\n\t\t\t\t<\/div>\n\t\t\t\t<\/div>\n\t\t<div class=\"elementor-element elementor-element-a8209d7 e-con-full e-flex e-con e-child\" data-id=\"a8209d7\" data-element_type=\"container\" data-e-type=\"container\">\n\t\t\t\t<div class=\"elementor-element elementor-element-56d5742 elementor-align-center e-transform e-transform elementor-widget__width-initial elementor-widget elementor-widget-button\" data-id=\"56d5742\" data-element_type=\"widget\" data-e-type=\"widget\" data-settings=\"{&quot;_transform_scale_effect_hover&quot;:{&quot;unit&quot;:&quot;px&quot;,&quot;size&quot;:&quot;0.9&quot;,&quot;sizes&quot;:[]},&quot;_transform_translateX_effect_hover&quot;:{&quot;unit&quot;:&quot;px&quot;,&quot;size&quot;:&quot;&quot;,&quot;sizes&quot;:[]},&quot;_transform_translateX_effect_hover_tablet&quot;:{&quot;unit&quot;:&quot;px&quot;,&quot;size&quot;:&quot;&quot;,&quot;sizes&quot;:[]},&quot;_transform_translateX_effect_hover_mobile&quot;:{&quot;unit&quot;:&quot;px&quot;,&quot;size&quot;:&quot;&quot;,&quot;sizes&quot;:[]},&quot;_transform_translateY_effect_hover&quot;:{&quot;unit&quot;:&quot;px&quot;,&quot;size&quot;:&quot;&quot;,&quot;sizes&quot;:[]},&quot;_transform_translateY_effect_hover_tablet&quot;:{&quot;unit&quot;:&quot;px&quot;,&quot;size&quot;:&quot;&quot;,&quot;sizes&quot;:[]},&quot;_transform_translateY_effect_hover_mobile&quot;:{&quot;unit&quot;:&quot;px&quot;,&quot;size&quot;:&quot;&quot;,&quot;sizes&quot;:[]},&quot;_transform_scale_effect_hover_tablet&quot;:{&quot;unit&quot;:&quot;px&quot;,&quot;size&quot;:&quot;&quot;,&quot;sizes&quot;:[]},&quot;_transform_scale_effect_hover_mobile&quot;:{&quot;unit&quot;:&quot;px&quot;,&quot;size&quot;:&quot;&quot;,&quot;sizes&quot;:[]}}\" data-widget_type=\"button.default\">\n\t\t\t\t<div class=\"elementor-widget-container\">\n\t\t\t\t\t\t\t\t\t<div class=\"elementor-button-wrapper\">\n\t\t\t\t\t<a class=\"elementor-button elementor-button-link elementor-size-sm\" href=\"http:\/\/degrowth.org\/wp-content\/uploads\/2026\/01\/9140ca79-0e05-4591-93dd-57eed9f3ecf0-1.jpeg\" target=\"_blank\">\n\t\t\t\t\t\t<span class=\"elementor-button-content-wrapper\">\n\t\t\t\t\t\t\t\t\t<span class=\"elementor-button-text\">cartell [catala]<\/span>\n\t\t\t\t\t<\/span>\n\t\t\t\t\t<\/a>\n\t\t\t\t<\/div>\n\t\t\t\t\t\t\t\t<\/div>\n\t\t\t\t<\/div>\n\t\t\t\t<div class=\"elementor-element elementor-element-baea07f elementor-align-center e-transform e-transform elementor-widget__width-initial elementor-widget elementor-widget-button\" data-id=\"baea07f\" data-element_type=\"widget\" data-e-type=\"widget\" data-settings=\"{&quot;_transform_scale_effect_hover&quot;:{&quot;unit&quot;:&quot;px&quot;,&quot;size&quot;:&quot;0.9&quot;,&quot;sizes&quot;:[]},&quot;_transform_translateX_effect_hover&quot;:{&quot;unit&quot;:&quot;px&quot;,&quot;size&quot;:&quot;&quot;,&quot;sizes&quot;:[]},&quot;_transform_translateX_effect_hover_tablet&quot;:{&quot;unit&quot;:&quot;px&quot;,&quot;size&quot;:&quot;&quot;,&quot;sizes&quot;:[]},&quot;_transform_translateX_effect_hover_mobile&quot;:{&quot;unit&quot;:&quot;px&quot;,&quot;size&quot;:&quot;&quot;,&quot;sizes&quot;:[]},&quot;_transform_translateY_effect_hover&quot;:{&quot;unit&quot;:&quot;px&quot;,&quot;size&quot;:&quot;&quot;,&quot;sizes&quot;:[]},&quot;_transform_translateY_effect_hover_tablet&quot;:{&quot;unit&quot;:&quot;px&quot;,&quot;size&quot;:&quot;&quot;,&quot;sizes&quot;:[]},&quot;_transform_translateY_effect_hover_mobile&quot;:{&quot;unit&quot;:&quot;px&quot;,&quot;size&quot;:&quot;&quot;,&quot;sizes&quot;:[]},&quot;_transform_scale_effect_hover_tablet&quot;:{&quot;unit&quot;:&quot;px&quot;,&quot;size&quot;:&quot;&quot;,&quot;sizes&quot;:[]},&quot;_transform_scale_effect_hover_mobile&quot;:{&quot;unit&quot;:&quot;px&quot;,&quot;size&quot;:&quot;&quot;,&quot;sizes&quot;:[]}}\" data-widget_type=\"button.default\">\n\t\t\t\t<div class=\"elementor-widget-container\">\n\t\t\t\t\t\t\t\t\t<div class=\"elementor-button-wrapper\">\n\t\t\t\t\t<a class=\"elementor-button elementor-button-link elementor-size-sm\" href=\"http:\/\/degrowth.org\/wp-content\/uploads\/2026\/01\/24897691-c236-4b13-af61-c93ab888e3a7.jpeg\" target=\"_blank\">\n\t\t\t\t\t\t<span class=\"elementor-button-content-wrapper\">\n\t\t\t\t\t\t\t\t\t<span class=\"elementor-button-text\">cartell [castellano]<\/span>\n\t\t\t\t\t<\/span>\n\t\t\t\t\t<\/a>\n\t\t\t\t<\/div>\n\t\t\t\t\t\t\t\t<\/div>\n\t\t\t\t<\/div>\n\t\t\t\t<div class=\"elementor-element elementor-element-b833e76 elementor-align-center e-transform e-transform elementor-widget__width-initial elementor-widget elementor-widget-button\" data-id=\"b833e76\" data-element_type=\"widget\" data-e-type=\"widget\" data-settings=\"{&quot;_transform_scale_effect_hover&quot;:{&quot;unit&quot;:&quot;px&quot;,&quot;size&quot;:&quot;0.9&quot;,&quot;sizes&quot;:[]},&quot;_transform_translateX_effect_hover&quot;:{&quot;unit&quot;:&quot;px&quot;,&quot;size&quot;:&quot;&quot;,&quot;sizes&quot;:[]},&quot;_transform_translateX_effect_hover_tablet&quot;:{&quot;unit&quot;:&quot;px&quot;,&quot;size&quot;:&quot;&quot;,&quot;sizes&quot;:[]},&quot;_transform_translateX_effect_hover_mobile&quot;:{&quot;unit&quot;:&quot;px&quot;,&quot;size&quot;:&quot;&quot;,&quot;sizes&quot;:[]},&quot;_transform_translateY_effect_hover&quot;:{&quot;unit&quot;:&quot;px&quot;,&quot;size&quot;:&quot;&quot;,&quot;sizes&quot;:[]},&quot;_transform_translateY_effect_hover_tablet&quot;:{&quot;unit&quot;:&quot;px&quot;,&quot;size&quot;:&quot;&quot;,&quot;sizes&quot;:[]},&quot;_transform_translateY_effect_hover_mobile&quot;:{&quot;unit&quot;:&quot;px&quot;,&quot;size&quot;:&quot;&quot;,&quot;sizes&quot;:[]},&quot;_transform_scale_effect_hover_tablet&quot;:{&quot;unit&quot;:&quot;px&quot;,&quot;size&quot;:&quot;&quot;,&quot;sizes&quot;:[]},&quot;_transform_scale_effect_hover_mobile&quot;:{&quot;unit&quot;:&quot;px&quot;,&quot;size&quot;:&quot;&quot;,&quot;sizes&quot;:[]}}\" data-widget_type=\"button.default\">\n\t\t\t\t<div class=\"elementor-widget-container\">\n\t\t\t\t\t\t\t\t\t<div class=\"elementor-button-wrapper\">\n\t\t\t\t\t<a class=\"elementor-button elementor-button-link elementor-size-sm\" href=\"http:\/\/degrowth.org\/wp-content\/uploads\/2026\/01\/a3353e03-78fe-4f17-9f4e-68d55e8ea0e3.jpeg\" target=\"_blank\">\n\t\t\t\t\t\t<span class=\"elementor-button-content-wrapper\">\n\t\t\t\t\t\t\t\t\t<span class=\"elementor-button-text\">cartell [portugues]<\/span>\n\t\t\t\t\t<\/span>\n\t\t\t\t\t<\/a>\n\t\t\t\t<\/div>\n\t\t\t\t\t\t\t\t<\/div>\n\t\t\t\t<\/div>\n\t\t\t\t<div class=\"elementor-element elementor-element-ab4941b elementor-align-center e-transform e-transform elementor-widget__width-initial elementor-widget elementor-widget-button\" data-id=\"ab4941b\" data-element_type=\"widget\" data-e-type=\"widget\" data-settings=\"{&quot;_transform_scale_effect_hover&quot;:{&quot;unit&quot;:&quot;px&quot;,&quot;size&quot;:&quot;0.9&quot;,&quot;sizes&quot;:[]},&quot;_transform_translateX_effect_hover&quot;:{&quot;unit&quot;:&quot;px&quot;,&quot;size&quot;:&quot;&quot;,&quot;sizes&quot;:[]},&quot;_transform_translateX_effect_hover_tablet&quot;:{&quot;unit&quot;:&quot;px&quot;,&quot;size&quot;:&quot;&quot;,&quot;sizes&quot;:[]},&quot;_transform_translateX_effect_hover_mobile&quot;:{&quot;unit&quot;:&quot;px&quot;,&quot;size&quot;:&quot;&quot;,&quot;sizes&quot;:[]},&quot;_transform_translateY_effect_hover&quot;:{&quot;unit&quot;:&quot;px&quot;,&quot;size&quot;:&quot;&quot;,&quot;sizes&quot;:[]},&quot;_transform_translateY_effect_hover_tablet&quot;:{&quot;unit&quot;:&quot;px&quot;,&quot;size&quot;:&quot;&quot;,&quot;sizes&quot;:[]},&quot;_transform_translateY_effect_hover_mobile&quot;:{&quot;unit&quot;:&quot;px&quot;,&quot;size&quot;:&quot;&quot;,&quot;sizes&quot;:[]},&quot;_transform_scale_effect_hover_tablet&quot;:{&quot;unit&quot;:&quot;px&quot;,&quot;size&quot;:&quot;&quot;,&quot;sizes&quot;:[]},&quot;_transform_scale_effect_hover_mobile&quot;:{&quot;unit&quot;:&quot;px&quot;,&quot;size&quot;:&quot;&quot;,&quot;sizes&quot;:[]}}\" data-widget_type=\"button.default\">\n\t\t\t\t<div class=\"elementor-widget-container\">\n\t\t\t\t\t\t\t\t\t<div class=\"elementor-button-wrapper\">\n\t\t\t\t\t<a class=\"elementor-button elementor-button-link elementor-size-sm\" href=\"http:\/\/degrowth.org\/wp-content\/uploads\/2026\/01\/24897691-c236-4b13-af61-c93ab888e3a7.jpeg\" target=\"_blank\">\n\t\t\t\t\t\t<span class=\"elementor-button-content-wrapper\">\n\t\t\t\t\t\t\t\t\t<span class=\"elementor-button-text\">cartell [euskera]<\/span>\n\t\t\t\t\t<\/span>\n\t\t\t\t\t<\/a>\n\t\t\t\t<\/div>\n\t\t\t\t\t\t\t\t<\/div>\n\t\t\t\t<\/div>\n\t\t\t\t<\/div>\n\t\t\t\t\t<\/div>\n\t\t\t\t<\/div>\n\t\t\t\t<\/div>\n\t\t","protected":false},"excerpt":{"rendered":"<p>Des de Research &amp; Degrowth i Fundaci\u00f3 Emprius \u2013amb la col\u00b7laboraci\u00f3 d&#8217;Ecologistes en Acci\u00f3 i Rebeli\u00f3n Cient\u00edfica\u2013, us presentem la segona edici\u00f3\u00a0del congr\u00e9s\u00a0\u201cSentit comunal\u201d, aquesta vegada enfocada en la tem\u00e0tica\u00a0\u201cM\u00f3n rural i cultura popular\u201d. Tindr\u00e0 lloc a\u00a0Berga\u00a0el dissabte\u00a017 de gener de 2026. Es tocaran q\u00fcestions com l\u2019autogovern als pobles\u00a0mitjan\u00e7ant assemblees ve\u00efnals, els\u00a0oficis i sabers, les [&hellip;]<\/p>\n","protected":false},"author":5,"featured_media":0,"parent":6453,"menu_order":0,"comment_status":"closed","ping_status":"closed","template":"","meta":{"footnotes":""},"class_list":["post-6517","page","type-page","status-publish","hentry"],"jetpack_sharing_enabled":true,"_links":{"self":[{"href":"https:\/\/degrowth.org\/ca\/wp-json\/wp\/v2\/pages\/6517","targetHints":{"allow":["GET"]}}],"collection":[{"href":"https:\/\/degrowth.org\/ca\/wp-json\/wp\/v2\/pages"}],"about":[{"href":"https:\/\/degrowth.org\/ca\/wp-json\/wp\/v2\/types\/page"}],"author":[{"embeddable":true,"href":"https:\/\/degrowth.org\/ca\/wp-json\/wp\/v2\/users\/5"}],"replies":[{"embeddable":true,"href":"https:\/\/degrowth.org\/ca\/wp-json\/wp\/v2\/comments?post=6517"}],"version-history":[{"count":34,"href":"https:\/\/degrowth.org\/ca\/wp-json\/wp\/v2\/pages\/6517\/revisions"}],"predecessor-version":[{"id":8407,"href":"https:\/\/degrowth.org\/ca\/wp-json\/wp\/v2\/pages\/6517\/revisions\/8407"}],"up":[{"embeddable":true,"href":"https:\/\/degrowth.org\/ca\/wp-json\/wp\/v2\/pages\/6453"}],"wp:attachment":[{"href":"https:\/\/degrowth.org\/ca\/wp-json\/wp\/v2\/media?parent=6517"}],"curies":[{"name":"wp","href":"https:\/\/api.w.org\/{rel}","templated":true}]}}