{"id":6460,"date":"2024-07-15T12:47:38","date_gmt":"2024-07-15T10:47:38","guid":{"rendered":"https:\/\/degrowth.org\/blog\/"},"modified":"2026-03-27T12:54:13","modified_gmt":"2026-03-27T10:54:13","slug":"blog","status":"publish","type":"page","link":"https:\/\/degrowth.org\/ca\/blog\/","title":{"rendered":"Blog"},"content":{"rendered":"\t\t<div data-elementor-type=\"wp-page\" data-elementor-id=\"6460\" class=\"elementor elementor-6460 elementor-834\" data-elementor-post-type=\"page\">\n\t\t\t\t<div class=\"elementor-element elementor-element-70adae0 e-flex e-con-boxed e-con e-parent\" data-id=\"70adae0\" data-element_type=\"container\" data-e-type=\"container\" data-settings=\"{&quot;background_background&quot;:&quot;classic&quot;}\">\n\t\t\t\t\t<div class=\"e-con-inner\">\n\t\t<div class=\"elementor-element elementor-element-04ab755 e-con-full e-flex e-con e-child\" data-id=\"04ab755\" data-element_type=\"container\" data-e-type=\"container\">\n\t\t<div class=\"elementor-element elementor-element-b92064c e-con-full e-flex e-con e-child\" data-id=\"b92064c\" data-element_type=\"container\" data-e-type=\"container\" data-settings=\"{&quot;background_background&quot;:&quot;classic&quot;}\">\n\t\t\t\t<div class=\"elementor-element elementor-element-1b05ffc elementor-invisible elementor-widget elementor-widget-heading\" data-id=\"1b05ffc\" data-element_type=\"widget\" data-e-type=\"widget\" data-settings=\"{&quot;_animation&quot;:&quot;fadeInLeft&quot;}\" data-widget_type=\"heading.default\">\n\t\t\t\t<div class=\"elementor-widget-container\">\n\t\t\t\t\t<h2 class=\"elementor-heading-title elementor-size-default\">Blog<\/h2>\t\t\t\t<\/div>\n\t\t\t\t<\/div>\n\t\t\t\t<\/div>\n\t\t\t\t<\/div>\n\t\t<div class=\"elementor-element elementor-element-85ae9a8 e-con-full e-flex e-con e-child\" data-id=\"85ae9a8\" data-element_type=\"container\" data-e-type=\"container\">\n\t\t\t\t<div class=\"elementor-element elementor-element-04a1f42 elementor-widget elementor-widget-spacer\" data-id=\"04a1f42\" data-element_type=\"widget\" data-e-type=\"widget\" data-widget_type=\"spacer.default\">\n\t\t\t\t<div class=\"elementor-widget-container\">\n\t\t\t\t\t\t\t<div class=\"elementor-spacer\">\n\t\t\t<div class=\"elementor-spacer-inner\"><\/div>\n\t\t<\/div>\n\t\t\t\t\t\t<\/div>\n\t\t\t\t<\/div>\n\t\t\t\t<\/div>\n\t\t<div class=\"elementor-element elementor-element-d35f48f e-con-full e-flex e-con e-child\" data-id=\"d35f48f\" data-element_type=\"container\" data-e-type=\"container\">\n\t\t\t\t<div class=\"elementor-element elementor-element-3ef94cf elementor-widget elementor-widget-spacer\" data-id=\"3ef94cf\" data-element_type=\"widget\" data-e-type=\"widget\" data-widget_type=\"spacer.default\">\n\t\t\t\t<div class=\"elementor-widget-container\">\n\t\t\t\t\t\t\t<div class=\"elementor-spacer\">\n\t\t\t<div class=\"elementor-spacer-inner\"><\/div>\n\t\t<\/div>\n\t\t\t\t\t\t<\/div>\n\t\t\t\t<\/div>\n\t\t\t\t<\/div>\n\t\t<div class=\"elementor-element elementor-element-0e45385 e-con-full e-flex e-con e-child\" data-id=\"0e45385\" data-element_type=\"container\" data-e-type=\"container\">\n\t\t\t\t<div class=\"elementor-element elementor-element-5d0289b elementor-invisible elementor-widget elementor-widget-text-editor\" data-id=\"5d0289b\" data-element_type=\"widget\" data-e-type=\"widget\" data-settings=\"{&quot;_animation&quot;:&quot;fadeInRight&quot;}\" data-widget_type=\"text-editor.default\">\n\t\t\t\t<div class=\"elementor-widget-container\">\n\t\t\t\t\t\t\t\t\t<p class=\"western\" lang=\"ca-ES\">Benvingudes al nostre blog! En aquesta secci\u00f3, hi trobareu publicacions sorgides de les activitats d\u2019R&amp;D \u2013com l\u2019Escola d\u2019Estiu del Decreixement, el M\u00e0ster en Ecologia Pol\u00edtica, activisme a Barcelona\u2013 i articles que reflexionen sobre el decreixement en general. Fem una crida a tots aquells que vulguin formar part de la discussi\u00f3 a contribuir i compartir les seves opinions i idees. Som flexibles pel que fa a la llargada de les contribucions, per\u00f2 preferim que continguin entre 500 i 1000 paraules. Si voleu col\u00b7laborar en aquest bloc, si us plau <a href=\"https:\/\/degrowth.org\/ca\/contacte\/\">contacteu amb nosaltres!<\/a> Encara no hem tradu\u00eft les entrades del blog, si us plau dirigiu-vos a la p\u00e0gina en angl\u00e8s.<\/p>\t\t\t\t\t\t\t\t<\/div>\n\t\t\t\t<\/div>\n\t\t\t\t<\/div>\n\t\t\t\t\t<\/div>\n\t\t\t\t<\/div>\n\t\t<div class=\"elementor-element elementor-element-1362a9f e-flex e-con-boxed e-con e-parent\" data-id=\"1362a9f\" data-element_type=\"container\" data-e-type=\"container\">\n\t\t\t\t\t<div class=\"e-con-inner\">\n\t\t\t\t\t<\/div>\n\t\t\t\t<\/div>\n\t\t<div class=\"elementor-element elementor-element-cadede7 e-flex e-con-boxed e-con e-parent\" data-id=\"cadede7\" data-element_type=\"container\" data-e-type=\"container\">\n\t\t\t\t\t<div class=\"e-con-inner\">\n\t\t\t\t\t<\/div>\n\t\t\t\t<\/div>\n\t\t\t\t<\/div>\n\t\t","protected":false},"excerpt":{"rendered":"<p>Blog Benvingudes al nostre blog! En aquesta secci\u00f3, hi trobareu publicacions sorgides de les activitats d\u2019R&amp;D \u2013com l\u2019Escola d\u2019Estiu del Decreixement, el M\u00e0ster en Ecologia Pol\u00edtica, activisme a Barcelona\u2013 i articles que reflexionen sobre el decreixement en general. Fem una crida a tots aquells que vulguin formar part de la discussi\u00f3 a contribuir i compartir [&hellip;]<\/p>\n","protected":false},"author":4,"featured_media":0,"parent":0,"menu_order":0,"comment_status":"closed","ping_status":"closed","template":"","meta":{"footnotes":""},"class_list":["post-6460","page","type-page","status-publish","hentry"],"jetpack_sharing_enabled":true,"_links":{"self":[{"href":"https:\/\/degrowth.org\/ca\/wp-json\/wp\/v2\/pages\/6460","targetHints":{"allow":["GET"]}}],"collection":[{"href":"https:\/\/degrowth.org\/ca\/wp-json\/wp\/v2\/pages"}],"about":[{"href":"https:\/\/degrowth.org\/ca\/wp-json\/wp\/v2\/types\/page"}],"author":[{"embeddable":true,"href":"https:\/\/degrowth.org\/ca\/wp-json\/wp\/v2\/users\/4"}],"replies":[{"embeddable":true,"href":"https:\/\/degrowth.org\/ca\/wp-json\/wp\/v2\/comments?post=6460"}],"version-history":[{"count":8,"href":"https:\/\/degrowth.org\/ca\/wp-json\/wp\/v2\/pages\/6460\/revisions"}],"predecessor-version":[{"id":8931,"href":"https:\/\/degrowth.org\/ca\/wp-json\/wp\/v2\/pages\/6460\/revisions\/8931"}],"wp:attachment":[{"href":"https:\/\/degrowth.org\/ca\/wp-json\/wp\/v2\/media?parent=6460"}],"curies":[{"name":"wp","href":"https:\/\/api.w.org\/{rel}","templated":true}]}}