{"id":6387,"date":"2024-04-22T10:12:51","date_gmt":"2024-04-22T08:12:51","guid":{"rendered":"https:\/\/degrowth.org\/home\/"},"modified":"2025-06-04T15:47:34","modified_gmt":"2025-06-04T13:47:34","slug":"home","status":"publish","type":"page","link":"https:\/\/degrowth.org\/ca\/","title":{"rendered":"Inici"},"content":{"rendered":"\t\t<div data-elementor-type=\"wp-page\" data-elementor-id=\"6387\" class=\"elementor elementor-6387 elementor-9\" data-elementor-post-type=\"page\">\n\t\t\t\t<div class=\"elementor-element elementor-element-3aaa2e2 e-con-full e-grid e-con e-parent\" data-id=\"3aaa2e2\" data-element_type=\"container\" data-e-type=\"container\" data-settings=\"{&quot;background_background&quot;:&quot;classic&quot;}\">\n\t\t\t\t<div class=\"elementor-element elementor-element-5c405eb elementor-widget-mobile__width-auto elementor-invisible elementor-widget elementor-widget-text-editor\" data-id=\"5c405eb\" data-element_type=\"widget\" data-e-type=\"widget\" data-settings=\"{&quot;_animation&quot;:&quot;fadeInLeft&quot;}\" data-widget_type=\"text-editor.default\">\n\t\t\t\t<div class=\"elementor-widget-container\">\n\t\t\t\t\t\t\t\t\t<p>Research &amp; Degrowth International, un centre d\u2019acci\u00f3 i pensament dedicat a la transformaci\u00f3 radical de les nostres economies i societats mitjan\u00e7ant la investigaci\u00f3, l&#8217;incid\u00e8ncia pol\u00edtica, l\u2019educaci\u00f3, la formaci\u00f3 i els esdeveniments al voltant del decreixement.<\/p>\n\t\t\t\t\t\t\t\t<\/div>\n\t\t\t\t<\/div>\n\t\t\t\t<div class=\"elementor-element elementor-element-2716fa4 e-transform elementor-invisible elementor-widget elementor-widget-image\" data-id=\"2716fa4\" data-element_type=\"widget\" data-e-type=\"widget\" data-settings=\"{&quot;_transform_scale_effect&quot;:{&quot;unit&quot;:&quot;px&quot;,&quot;size&quot;:1,&quot;sizes&quot;:[]},&quot;_animation&quot;:&quot;fadeInUp&quot;,&quot;_transform_scale_effect_tablet&quot;:{&quot;unit&quot;:&quot;px&quot;,&quot;size&quot;:&quot;&quot;,&quot;sizes&quot;:[]},&quot;_transform_scale_effect_mobile&quot;:{&quot;unit&quot;:&quot;px&quot;,&quot;size&quot;:&quot;&quot;,&quot;sizes&quot;:[]}}\" data-widget_type=\"image.default\">\n\t\t\t\t<div class=\"elementor-widget-container\">\n\t\t\t\t\t\t\t\t\t\t\t\t\t\t\t<img fetchpriority=\"high\" decoding=\"async\" width=\"474\" height=\"664\" src=\"https:\/\/degrowth.org\/wp-content\/uploads\/2024\/06\/Home_1.png\" class=\"attachment-full size-full wp-image-6061\" alt=\"\" srcset=\"https:\/\/degrowth.org\/wp-content\/uploads\/2024\/06\/Home_1.png 474w, https:\/\/degrowth.org\/wp-content\/uploads\/2024\/06\/Home_1-214x300.png 214w\" sizes=\"(max-width: 474px) 100vw, 474px\" \/>\t\t\t\t\t\t\t\t\t\t\t\t\t\t\t<\/div>\n\t\t\t\t<\/div>\n\t\t\t\t<\/div>\n\t\t<div class=\"elementor-element elementor-element-231316e e-con-full e-grid e-con e-parent\" data-id=\"231316e\" data-element_type=\"container\" data-e-type=\"container\" data-settings=\"{&quot;background_background&quot;:&quot;classic&quot;}\">\n\t\t\t\t<div class=\"elementor-element elementor-element-4c10e8a elementor-invisible elementor-widget elementor-widget-text-editor\" data-id=\"4c10e8a\" data-element_type=\"widget\" data-e-type=\"widget\" data-settings=\"{&quot;_animation&quot;:&quot;fadeInUp&quot;}\" data-widget_type=\"text-editor.default\">\n\t\t\t\t<div class=\"elementor-widget-container\">\n\t\t\t\t\t\t\t\t\t<p>Com a defensors d\u2019un m\u00f3n m\u00e9s equitatiu i ecol\u00f2gicament equilibrat, R&amp;D es troba a l\u2019avantguarda d\u2019un moviment que q\u00fcestiona la promoci\u00f3 incessant del creixement.<\/p>\n<p>Ens mou la convicci\u00f3 que una societat pr\u00f2spera pot desenvolupar-se sense expandir perp\u00e8tuament la seva empremta econ\u00f2mica, i us convidem a unir-vos a nosaltres per redefinir el relat cap a un paradigma orientat al decreixement.<\/p>\n\t\t\t\t\t\t\t\t<\/div>\n\t\t\t\t<\/div>\n\t\t\t\t<\/div>\n\t\t<div class=\"elementor-element elementor-element-0ac633c e-flex e-con-boxed e-con e-parent\" data-id=\"0ac633c\" data-element_type=\"container\" data-e-type=\"container\">\n\t\t\t\t\t<div class=\"e-con-inner\">\n\t\t\t\t<div class=\"elementor-element elementor-element-6bcecd1 elementor-invisible elementor-widget elementor-widget-heading\" data-id=\"6bcecd1\" data-element_type=\"widget\" data-e-type=\"widget\" data-settings=\"{&quot;_animation&quot;:&quot;fadeInLeft&quot;}\" data-widget_type=\"heading.default\">\n\t\t\t\t<div class=\"elementor-widget-container\">\n\t\t\t\t\t<h3 class=\"elementor-heading-title elementor-size-default\">Que fem<\/h3>\t\t\t\t<\/div>\n\t\t\t\t<\/div>\n\t\t\t\t\t<\/div>\n\t\t\t\t<\/div>\n\t\t<div class=\"elementor-element elementor-element-0e75bbe e-grid e-con-full e-con e-parent\" data-id=\"0e75bbe\" data-element_type=\"container\" data-e-type=\"container\" data-settings=\"{&quot;motion_fx_motion_fx_scrolling&quot;:&quot;yes&quot;,&quot;motion_fx_translateY_effect&quot;:&quot;yes&quot;,&quot;motion_fx_translateY_speed&quot;:{&quot;unit&quot;:&quot;px&quot;,&quot;size&quot;:10,&quot;sizes&quot;:[]},&quot;motion_fx_translateY_affectedRange&quot;:{&quot;unit&quot;:&quot;%&quot;,&quot;size&quot;:&quot;&quot;,&quot;sizes&quot;:{&quot;start&quot;:51,&quot;end&quot;:100}},&quot;motion_fx_devices&quot;:[&quot;desktop&quot;,&quot;tablet&quot;,&quot;mobile&quot;]}\">\n\t\t<div class=\"elementor-element elementor-element-d4f3bb5 e-flex e-con-boxed e-con e-child\" data-id=\"d4f3bb5\" data-element_type=\"container\" data-e-type=\"container\">\n\t\t\t\t\t<div class=\"e-con-inner\">\n\t\t<div class=\"elementor-element elementor-element-3be1d97 e-con-full e-transform e-flex e-con e-child\" data-id=\"3be1d97\" data-element_type=\"container\" data-e-type=\"container\" data-settings=\"{&quot;background_background&quot;:&quot;classic&quot;,&quot;_transform_scale_effect_hover&quot;:{&quot;unit&quot;:&quot;px&quot;,&quot;size&quot;:1.02,&quot;sizes&quot;:[]},&quot;_transform_scale_effect_hover_tablet&quot;:{&quot;unit&quot;:&quot;px&quot;,&quot;size&quot;:&quot;&quot;,&quot;sizes&quot;:[]},&quot;_transform_scale_effect_hover_mobile&quot;:{&quot;unit&quot;:&quot;px&quot;,&quot;size&quot;:&quot;&quot;,&quot;sizes&quot;:[]}}\">\n\t\t\t\t<div class=\"elementor-element elementor-element-f6c6348 elementor-widget elementor-widget-text-editor\" data-id=\"f6c6348\" data-element_type=\"widget\" data-e-type=\"widget\" data-widget_type=\"text-editor.default\">\n\t\t\t\t<div class=\"elementor-widget-container\">\n\t\t\t\t\t\t\t\t\t<p>RECERCA I INCID\u00c8NCIA<\/p>\n\t\t\t\t\t\t\t\t<\/div>\n\t\t\t\t<\/div>\n\t\t\t\t<div class=\"elementor-element elementor-element-e75a305 elementor-widget elementor-widget-text-editor\" data-id=\"e75a305\" data-element_type=\"widget\" data-e-type=\"widget\" data-widget_type=\"text-editor.default\">\n\t\t\t\t<div class=\"elementor-widget-container\">\n\t\t\t\t\t\t\t\t\t<p>Ens dediquem activament a la recerca i a la incid\u00e8ncia sobre alternatives sostenibles i equitatives al model econ\u00f2mic predominant centrat en el creixement. Mitjan\u00e7ant esfor\u00e7os col\u00b7laboratius, desenvolupem pol\u00edtiques que canvien el debat i creem alliences entre actors pol\u00edtics i moviments socials.<br \/>\nAls nostres &#8216;laboratoris reals&#8217; (Living Labs) experimentem amb la posada en pr\u00e0ctica del decreixement prioritzant el benestar, la just\u00edcia social i la gesti\u00f3 del medi ambient per sobre del creixement econ\u00f2mic.<\/p>\n\t\t\t\t\t\t\t\t<\/div>\n\t\t\t\t<\/div>\n\t\t\t\t<\/div>\n\t\t\t\t\t<\/div>\n\t\t\t\t<\/div>\n\t\t<div class=\"elementor-element elementor-element-b7dba0c e-flex e-con-boxed e-con e-child\" data-id=\"b7dba0c\" data-element_type=\"container\" data-e-type=\"container\">\n\t\t\t\t\t<div class=\"e-con-inner\">\n\t\t<div class=\"elementor-element elementor-element-ae91396 e-con-full e-transform e-flex e-con e-child\" data-id=\"ae91396\" data-element_type=\"container\" data-e-type=\"container\" data-settings=\"{&quot;background_background&quot;:&quot;classic&quot;,&quot;_transform_scale_effect_hover&quot;:{&quot;unit&quot;:&quot;px&quot;,&quot;size&quot;:1.02,&quot;sizes&quot;:[]},&quot;_transform_scale_effect_hover_tablet&quot;:{&quot;unit&quot;:&quot;px&quot;,&quot;size&quot;:&quot;&quot;,&quot;sizes&quot;:[]},&quot;_transform_scale_effect_hover_mobile&quot;:{&quot;unit&quot;:&quot;px&quot;,&quot;size&quot;:&quot;&quot;,&quot;sizes&quot;:[]}}\">\n\t\t\t\t<div class=\"elementor-element elementor-element-1847b34 elementor-widget elementor-widget-text-editor\" data-id=\"1847b34\" data-element_type=\"widget\" data-e-type=\"widget\" data-widget_type=\"text-editor.default\">\n\t\t\t\t<div class=\"elementor-widget-container\">\n\t\t\t\t\t\t\t\t\t<p>EDUCACI\u00d3 I FORMACI\u00d3<\/p>\n\t\t\t\t\t\t\t\t<\/div>\n\t\t\t\t<\/div>\n\t\t\t\t<div class=\"elementor-element elementor-element-e22b181 elementor-widget elementor-widget-text-editor\" data-id=\"e22b181\" data-element_type=\"widget\" data-e-type=\"widget\" data-widget_type=\"text-editor.default\">\n\t\t\t\t<div class=\"elementor-widget-container\">\n\t\t\t\t\t\t\t\t\t<p class=\"p1\"><span class=\"s1\">Desenvolupem iniciatives educatives per a activistes emergents i titulats universitaris. En els nostres dos m\u00e0sters en col\u00b7laboraci\u00f3 amb l&#8217;ICTA-UAB impartim classes sobre Decreixement, Ecologia Pol\u00edtica i Just\u00edcia Ambiental.<span class=\"Apple-converted-space\">\u00a0<\/span><\/span><\/p>\n<p class=\"p1\"><span class=\"s1\">Les nostres escoles d&#8217;estiu anuals ofereixen una oportunitat per a l&#8217;aprenentatge encarnat sobre ecologia, economia i pol\u00edtica a Barcelona i Catalunya<\/span><\/p>\n\t\t\t\t\t\t\t\t<\/div>\n\t\t\t\t<\/div>\n\t\t\t\t<\/div>\n\t\t\t\t\t<\/div>\n\t\t\t\t<\/div>\n\t\t<div class=\"elementor-element elementor-element-f09d844 e-flex e-con-boxed e-con e-child\" data-id=\"f09d844\" data-element_type=\"container\" data-e-type=\"container\">\n\t\t\t\t\t<div class=\"e-con-inner\">\n\t\t<div class=\"elementor-element elementor-element-2ae69f6 e-con-full e-transform e-flex e-con e-child\" data-id=\"2ae69f6\" data-element_type=\"container\" data-e-type=\"container\" data-settings=\"{&quot;background_background&quot;:&quot;classic&quot;,&quot;_transform_scale_effect_hover&quot;:{&quot;unit&quot;:&quot;px&quot;,&quot;size&quot;:1.02,&quot;sizes&quot;:[]},&quot;_transform_scale_effect_hover_tablet&quot;:{&quot;unit&quot;:&quot;px&quot;,&quot;size&quot;:&quot;&quot;,&quot;sizes&quot;:[]},&quot;_transform_scale_effect_hover_mobile&quot;:{&quot;unit&quot;:&quot;px&quot;,&quot;size&quot;:&quot;&quot;,&quot;sizes&quot;:[]}}\">\n\t\t\t\t<div class=\"elementor-element elementor-element-af3cbbe elementor-widget elementor-widget-text-editor\" data-id=\"af3cbbe\" data-element_type=\"widget\" data-e-type=\"widget\" data-widget_type=\"text-editor.default\">\n\t\t\t\t<div class=\"elementor-widget-container\">\n\t\t\t\t\t\t\t\t\t<p>CANVI SIST\u00c8MIC<\/p>\n\t\t\t\t\t\t\t\t<\/div>\n\t\t\t\t<\/div>\n\t\t\t\t<div class=\"elementor-element elementor-element-4f5ab95 elementor-widget elementor-widget-text-editor\" data-id=\"4f5ab95\" data-element_type=\"widget\" data-e-type=\"widget\" data-widget_type=\"text-editor.default\">\n\t\t\t\t<div class=\"elementor-widget-container\">\n\t\t\t\t\t\t\t\t\t<p class=\"p1\"><span class=\"s1\">A Research &amp; Degrowth International, la nostra missi\u00f3 \u00e9s promoure els principis del decreixement al m\u00f3n actual. El nostre treball est\u00e0 dirigit a inspirar un canvi sist\u00e8mic. Juntes, estem compromeses a configurar una relaci\u00f3 m\u00e9s equilibrada i harm\u00f2nica entre la humanitat i el planeta.<\/span><\/p>\n\t\t\t\t\t\t\t\t<\/div>\n\t\t\t\t<\/div>\n\t\t\t\t<\/div>\n\t\t\t\t\t<\/div>\n\t\t\t\t<\/div>\n\t\t<div class=\"elementor-element elementor-element-3e53074 e-flex e-con-boxed e-con e-child\" data-id=\"3e53074\" data-element_type=\"container\" data-e-type=\"container\">\n\t\t\t\t\t<div class=\"e-con-inner\">\n\t\t<div class=\"elementor-element elementor-element-4ae7d8c e-con-full e-transform e-flex e-con e-child\" data-id=\"4ae7d8c\" data-element_type=\"container\" data-e-type=\"container\" data-settings=\"{&quot;background_background&quot;:&quot;classic&quot;,&quot;_transform_scale_effect_hover&quot;:{&quot;unit&quot;:&quot;px&quot;,&quot;size&quot;:1.02,&quot;sizes&quot;:[]},&quot;_transform_scale_effect_hover_tablet&quot;:{&quot;unit&quot;:&quot;px&quot;,&quot;size&quot;:&quot;&quot;,&quot;sizes&quot;:[]},&quot;_transform_scale_effect_hover_mobile&quot;:{&quot;unit&quot;:&quot;px&quot;,&quot;size&quot;:&quot;&quot;,&quot;sizes&quot;:[]}}\">\n\t\t\t\t<div class=\"elementor-element elementor-element-f55fe10 elementor-widget elementor-widget-text-editor\" data-id=\"f55fe10\" data-element_type=\"widget\" data-e-type=\"widget\" data-widget_type=\"text-editor.default\">\n\t\t\t\t<div class=\"elementor-widget-container\">\n\t\t\t\t\t\t\t\t\t<p>ORGANITZACI\u00d3 d&#8217;ESDEVENIMENTS<\/p>\n\t\t\t\t\t\t\t\t<\/div>\n\t\t\t\t<\/div>\n\t\t\t\t<div class=\"elementor-element elementor-element-6447697 elementor-widget elementor-widget-text-editor\" data-id=\"6447697\" data-element_type=\"widget\" data-e-type=\"widget\" data-widget_type=\"text-editor.default\">\n\t\t\t\t<div class=\"elementor-widget-container\">\n\t\t\t\t\t\t\t\t\t<p class=\"p1\"><span class=\"s1\">Amb el nostre equip participem en l&#8217;organitzaci\u00f3 d&#8217;esdeveniments a nivell local i internacional, com ara la Confer\u00e8ncia Beyond Growth 2023 al Parlament Europeu aix\u00ed com les Confer\u00e8ncies Internacionals de Decreixement.<\/span><\/p>\n\t\t\t\t\t\t\t\t<\/div>\n\t\t\t\t<\/div>\n\t\t\t\t<\/div>\n\t\t\t\t\t<\/div>\n\t\t\t\t<\/div>\n\t\t\t\t<\/div>\n\t\t<div class=\"elementor-element elementor-element-feec024 e-con-full e-flex e-con e-parent\" data-id=\"feec024\" data-element_type=\"container\" data-e-type=\"container\">\n\t\t\t\t<div class=\"elementor-element elementor-element-5d30bb4 elementor-widget__width-inherit elementor-widget elementor-widget-image\" data-id=\"5d30bb4\" data-element_type=\"widget\" data-e-type=\"widget\" data-settings=\"{&quot;motion_fx_motion_fx_scrolling&quot;:&quot;yes&quot;,&quot;motion_fx_opacity_effect&quot;:&quot;yes&quot;,&quot;motion_fx_opacity_range&quot;:{&quot;unit&quot;:&quot;%&quot;,&quot;size&quot;:&quot;&quot;,&quot;sizes&quot;:{&quot;start&quot;:0,&quot;end&quot;:35}},&quot;motion_fx_opacity_direction&quot;:&quot;out-in&quot;,&quot;motion_fx_opacity_level&quot;:{&quot;unit&quot;:&quot;px&quot;,&quot;size&quot;:10,&quot;sizes&quot;:[]},&quot;motion_fx_devices&quot;:[&quot;desktop&quot;,&quot;tablet&quot;,&quot;mobile&quot;]}\" data-widget_type=\"image.default\">\n\t\t\t\t<div class=\"elementor-widget-container\">\n\t\t\t\t\t\t\t\t\t\t\t\t\t\t\t<img decoding=\"async\" width=\"1280\" height=\"858\" src=\"https:\/\/degrowth.org\/wp-content\/uploads\/2024\/04\/Foto-grupal.png\" class=\"attachment-full size-full wp-image-6053\" alt=\"\" srcset=\"https:\/\/degrowth.org\/wp-content\/uploads\/2024\/04\/Foto-grupal.png 1280w, https:\/\/degrowth.org\/wp-content\/uploads\/2024\/04\/Foto-grupal-300x201.png 300w, https:\/\/degrowth.org\/wp-content\/uploads\/2024\/04\/Foto-grupal-1024x686.png 1024w, https:\/\/degrowth.org\/wp-content\/uploads\/2024\/04\/Foto-grupal-768x515.png 768w\" sizes=\"(max-width: 1280px) 100vw, 1280px\" \/>\t\t\t\t\t\t\t\t\t\t\t\t\t\t\t<\/div>\n\t\t\t\t<\/div>\n\t\t\t\t<\/div>\n\t\t<div class=\"elementor-element elementor-element-67fca44 e-grid e-con-boxed e-con e-parent\" data-id=\"67fca44\" data-element_type=\"container\" data-e-type=\"container\" data-settings=\"{&quot;background_background&quot;:&quot;classic&quot;}\">\n\t\t\t\t\t<div class=\"e-con-inner\">\n\t\t<div class=\"elementor-element elementor-element-24af8af e-flex e-con-boxed e-con e-child\" data-id=\"24af8af\" data-element_type=\"container\" data-e-type=\"container\">\n\t\t\t\t\t<div class=\"e-con-inner\">\n\t\t\t\t<div class=\"elementor-element elementor-element-25d6b09 elementor-invisible elementor-widget elementor-widget-text-editor\" data-id=\"25d6b09\" data-element_type=\"widget\" data-e-type=\"widget\" data-settings=\"{&quot;_animation&quot;:&quot;fadeInLeft&quot;}\" data-widget_type=\"text-editor.default\">\n\t\t\t\t<div class=\"elementor-widget-container\">\n\t\t\t\t\t\t\t\t\t<p>Qu\u00e8 diuen sobre<br \/>\nnosaltres els nostres <span lang=\"es-ES\">col\u00b7laboradors<\/span><\/p>\n\t\t\t\t\t\t\t\t<\/div>\n\t\t\t\t<\/div>\n\t\t\t\t\t<\/div>\n\t\t\t\t<\/div>\n\t\t\t\t\t<\/div>\n\t\t\t\t<\/div>\n\t\t<div class=\"elementor-element elementor-element-09be627 e-grid e-con-boxed e-con e-parent\" data-id=\"09be627\" data-element_type=\"container\" data-e-type=\"container\" data-settings=\"{&quot;background_background&quot;:&quot;classic&quot;}\">\n\t\t\t\t\t<div class=\"e-con-inner\">\n\t\t<div class=\"elementor-element elementor-element-c668914 e-flex e-con-boxed e-con e-child\" data-id=\"c668914\" data-element_type=\"container\" data-e-type=\"container\">\n\t\t\t\t\t<div class=\"e-con-inner\">\n\t\t\t\t<div class=\"elementor-element elementor-element-7ff856a elementor-widget elementor-widget-spacer\" data-id=\"7ff856a\" data-element_type=\"widget\" data-e-type=\"widget\" data-widget_type=\"spacer.default\">\n\t\t\t\t<div class=\"elementor-widget-container\">\n\t\t\t\t\t\t\t<div class=\"elementor-spacer\">\n\t\t\t<div class=\"elementor-spacer-inner\"><\/div>\n\t\t<\/div>\n\t\t\t\t\t\t<\/div>\n\t\t\t\t<\/div>\n\t\t\t\t\t<\/div>\n\t\t\t\t<\/div>\n\t\t\t\t<div class=\"elementor-element elementor-element-ec1de6e elementor-invisible elementor-widget elementor-widget-text-editor\" data-id=\"ec1de6e\" data-element_type=\"widget\" data-e-type=\"widget\" data-settings=\"{&quot;_animation&quot;:&quot;fadeInRight&quot;}\" data-widget_type=\"text-editor.default\">\n\t\t\t\t<div class=\"elementor-widget-container\">\n\t\t\t\t\t\t\t\t\t<p>&#8220;Sense Research &amp; Degrowth<br \/>\ni tots els seus esfor\u00e7os innovadors en<br \/>\ninvestigaci\u00f3 i educaci\u00f3,<br \/>\nencara creur\u00edem en el creixement verd<br \/>\ni en altres contes de fades de<br \/>\ncreixement infinit&#8221;<\/p>\n<p><img decoding=\"async\" class=\"alignnone wp-image-5176\" src=\"https:\/\/degrowth.org\/wp-content\/uploads\/2024\/07\/Untitled7-300x300.png\" alt=\"\" width=\"23\" height=\"23\" srcset=\"https:\/\/degrowth.org\/wp-content\/uploads\/2024\/07\/Untitled7-300x300.png 300w, https:\/\/degrowth.org\/wp-content\/uploads\/2024\/07\/Untitled7-150x150.png 150w, https:\/\/degrowth.org\/wp-content\/uploads\/2024\/07\/Untitled7.png 546w\" sizes=\"(max-width: 23px) 100vw, 23px\" \/> Timoth\u00e9e Parrique<\/p>\n\t\t\t\t\t\t\t\t<\/div>\n\t\t\t\t<\/div>\n\t\t\t\t\t<\/div>\n\t\t\t\t<\/div>\n\t\t<div class=\"elementor-element elementor-element-6aa0c5c e-grid e-con-boxed e-con e-parent\" data-id=\"6aa0c5c\" data-element_type=\"container\" data-e-type=\"container\" data-settings=\"{&quot;background_background&quot;:&quot;classic&quot;}\">\n\t\t\t\t\t<div class=\"e-con-inner\">\n\t\t<div class=\"elementor-element elementor-element-024e841 e-flex e-con-boxed e-con e-child\" data-id=\"024e841\" data-element_type=\"container\" data-e-type=\"container\">\n\t\t\t\t\t<div class=\"e-con-inner\">\n\t\t\t\t\t<\/div>\n\t\t\t\t<\/div>\n\t\t\t\t<div class=\"elementor-element elementor-element-4ecd6e4 elementor-invisible elementor-widget elementor-widget-text-editor\" data-id=\"4ecd6e4\" data-element_type=\"widget\" data-e-type=\"widget\" data-settings=\"{&quot;_animation&quot;:&quot;fadeInRight&quot;}\" data-widget_type=\"text-editor.default\">\n\t\t\t\t<div class=\"elementor-widget-container\">\n\t\t\t\t\t\t\t\t\t<p>\u201cResearch &amp; Degrowth destaca<br \/>\ncom una de les organitzacions m\u00e9s<br \/>\ninnovadores i orientades al futur. Les seves<br \/>\ncontribucions al decreixement s\u00f3n<br \/>\nextremadament valuoses en la lluita<br \/>\nper un futur socialment i ecol\u00f2gicament<br \/>\njust\u201d.<\/p>\n<p><img decoding=\"async\" class=\"alignnone wp-image-5176\" src=\"https:\/\/degrowth.org\/wp-content\/uploads\/2024\/07\/Untitled7-300x300.png\" alt=\"\" width=\"23\" height=\"23\" srcset=\"https:\/\/degrowth.org\/wp-content\/uploads\/2024\/07\/Untitled7-300x300.png 300w, https:\/\/degrowth.org\/wp-content\/uploads\/2024\/07\/Untitled7-150x150.png 150w, https:\/\/degrowth.org\/wp-content\/uploads\/2024\/07\/Untitled7.png 546w\" sizes=\"(max-width: 23px) 100vw, 23px\" \/> Julia Steinberger<\/p>\n\t\t\t\t\t\t\t\t<\/div>\n\t\t\t\t<\/div>\n\t\t\t\t\t<\/div>\n\t\t\t\t<\/div>\n\t\t<div class=\"elementor-element elementor-element-fcb67bf e-flex e-con-boxed e-con e-parent\" data-id=\"fcb67bf\" data-element_type=\"container\" data-e-type=\"container\">\n\t\t\t\t\t<div class=\"e-con-inner\">\n\t\t\t\t<div class=\"elementor-element elementor-element-af5188d elementor-invisible elementor-widget elementor-widget-heading\" data-id=\"af5188d\" data-element_type=\"widget\" data-e-type=\"widget\" data-settings=\"{&quot;_animation&quot;:&quot;fadeInLeft&quot;}\" data-widget_type=\"heading.default\">\n\t\t\t\t<div class=\"elementor-widget-container\">\n\t\t\t\t\t<h2 class=\"elementor-heading-title elementor-size-default\"><p>Not\u00edcies<\/p><\/h2>\t\t\t\t<\/div>\n\t\t\t\t<\/div>\n\t\t\t\t\t<\/div>\n\t\t\t\t<\/div>\n\t\t<div class=\"elementor-element elementor-element-bc2bd11 e-flex e-con-boxed e-con e-parent\" data-id=\"bc2bd11\" data-element_type=\"container\" data-e-type=\"container\" data-settings=\"{&quot;motion_fx_motion_fx_scrolling&quot;:&quot;yes&quot;,&quot;motion_fx_devices&quot;:[&quot;desktop&quot;,&quot;tablet&quot;,&quot;mobile&quot;]}\">\n\t\t\t\t\t<div class=\"e-con-inner\">\n\t\t\t\t<div class=\"elementor-element elementor-element-384484d elementor-align-center e-transform elementor-widget elementor-widget-button\" data-id=\"384484d\" data-element_type=\"widget\" data-e-type=\"widget\" data-settings=\"{&quot;_transform_scale_effect_hover&quot;:{&quot;unit&quot;:&quot;px&quot;,&quot;size&quot;:0.9,&quot;sizes&quot;:[]},&quot;_transform_scale_effect_hover_tablet&quot;:{&quot;unit&quot;:&quot;px&quot;,&quot;size&quot;:&quot;&quot;,&quot;sizes&quot;:[]},&quot;_transform_scale_effect_hover_mobile&quot;:{&quot;unit&quot;:&quot;px&quot;,&quot;size&quot;:&quot;&quot;,&quot;sizes&quot;:[]}}\" data-widget_type=\"button.default\">\n\t\t\t\t<div class=\"elementor-widget-container\">\n\t\t\t\t\t\t\t\t\t<div class=\"elementor-button-wrapper\">\n\t\t\t\t\t<a class=\"elementor-button elementor-button-link elementor-size-sm\" href=\"https:\/\/degrowth.org\/ca\/blog\">\n\t\t\t\t\t\t<span class=\"elementor-button-content-wrapper\">\n\t\t\t\t\t\t\t\t\t<span class=\"elementor-button-text\">veure m\u00e9s...<\/span>\n\t\t\t\t\t<\/span>\n\t\t\t\t\t<\/a>\n\t\t\t\t<\/div>\n\t\t\t\t\t\t\t\t<\/div>\n\t\t\t\t<\/div>\n\t\t\t\t<div class=\"elementor-element elementor-element-eced127 elementor-widget elementor-widget-spacer\" data-id=\"eced127\" data-element_type=\"widget\" data-e-type=\"widget\" data-widget_type=\"spacer.default\">\n\t\t\t\t<div class=\"elementor-widget-container\">\n\t\t\t\t\t\t\t<div class=\"elementor-spacer\">\n\t\t\t<div class=\"elementor-spacer-inner\"><\/div>\n\t\t<\/div>\n\t\t\t\t\t\t<\/div>\n\t\t\t\t<\/div>\n\t\t\t\t<div class=\"elementor-element elementor-element-803bd4f elementor-widget elementor-widget-spacer\" data-id=\"803bd4f\" data-element_type=\"widget\" data-e-type=\"widget\" data-widget_type=\"spacer.default\">\n\t\t\t\t<div class=\"elementor-widget-container\">\n\t\t\t\t\t\t\t<div class=\"elementor-spacer\">\n\t\t\t<div class=\"elementor-spacer-inner\"><\/div>\n\t\t<\/div>\n\t\t\t\t\t\t<\/div>\n\t\t\t\t<\/div>\n\t\t\t\t<div class=\"elementor-element elementor-element-251f968 elementor-widget elementor-widget-spacer\" data-id=\"251f968\" data-element_type=\"widget\" data-e-type=\"widget\" data-widget_type=\"spacer.default\">\n\t\t\t\t<div class=\"elementor-widget-container\">\n\t\t\t\t\t\t\t<div class=\"elementor-spacer\">\n\t\t\t<div class=\"elementor-spacer-inner\"><\/div>\n\t\t<\/div>\n\t\t\t\t\t\t<\/div>\n\t\t\t\t<\/div>\n\t\t\t\t\t<\/div>\n\t\t\t\t<\/div>\n\t\t<div class=\"elementor-element elementor-element-ed4ad55 e-con-full e-flex e-con e-parent\" data-id=\"ed4ad55\" data-element_type=\"container\" data-e-type=\"container\">\n\t\t\t\t<div class=\"elementor-element elementor-element-8b0b4ce elementor-widget elementor-widget-image\" data-id=\"8b0b4ce\" data-element_type=\"widget\" data-e-type=\"widget\" data-widget_type=\"image.default\">\n\t\t\t\t<div class=\"elementor-widget-container\">\n\t\t\t\t\t\t\t\t\t\t\t\t\t\t\t<img loading=\"lazy\" decoding=\"async\" width=\"1280\" height=\"1043\" src=\"https:\/\/degrowth.org\/wp-content\/uploads\/2024\/06\/Home_3.png\" class=\"attachment-full size-full wp-image-6059\" alt=\"\" srcset=\"https:\/\/degrowth.org\/wp-content\/uploads\/2024\/06\/Home_3.png 1280w, https:\/\/degrowth.org\/wp-content\/uploads\/2024\/06\/Home_3-300x244.png 300w, https:\/\/degrowth.org\/wp-content\/uploads\/2024\/06\/Home_3-1024x834.png 1024w, https:\/\/degrowth.org\/wp-content\/uploads\/2024\/06\/Home_3-768x626.png 768w\" sizes=\"(max-width: 1280px) 100vw, 1280px\" \/>\t\t\t\t\t\t\t\t\t\t\t\t\t\t\t<\/div>\n\t\t\t\t<\/div>\n\t\t\t\t<\/div>\n\t\t\t\t<\/div>\n\t\t","protected":false},"excerpt":{"rendered":"<p>Research &amp; Degrowth International, un centre d\u2019acci\u00f3 i pensament dedicat a la transformaci\u00f3 radical de les nostres economies i societats mitjan\u00e7ant la investigaci\u00f3, l&#8217;incid\u00e8ncia pol\u00edtica, l\u2019educaci\u00f3, la formaci\u00f3 i els esdeveniments al voltant del decreixement. Com a defensors d\u2019un m\u00f3n m\u00e9s equitatiu i ecol\u00f2gicament equilibrat, R&amp;D es troba a l\u2019avantguarda d\u2019un moviment que q\u00fcestiona la [&hellip;]<\/p>\n","protected":false},"author":1,"featured_media":0,"parent":0,"menu_order":0,"comment_status":"closed","ping_status":"closed","template":"","meta":{"footnotes":""},"class_list":["post-6387","page","type-page","status-publish","hentry"],"jetpack_sharing_enabled":true,"_links":{"self":[{"href":"https:\/\/degrowth.org\/ca\/wp-json\/wp\/v2\/pages\/6387","targetHints":{"allow":["GET"]}}],"collection":[{"href":"https:\/\/degrowth.org\/ca\/wp-json\/wp\/v2\/pages"}],"about":[{"href":"https:\/\/degrowth.org\/ca\/wp-json\/wp\/v2\/types\/page"}],"author":[{"embeddable":true,"href":"https:\/\/degrowth.org\/ca\/wp-json\/wp\/v2\/users\/1"}],"replies":[{"embeddable":true,"href":"https:\/\/degrowth.org\/ca\/wp-json\/wp\/v2\/comments?post=6387"}],"version-history":[{"count":18,"href":"https:\/\/degrowth.org\/ca\/wp-json\/wp\/v2\/pages\/6387\/revisions"}],"predecessor-version":[{"id":7303,"href":"https:\/\/degrowth.org\/ca\/wp-json\/wp\/v2\/pages\/6387\/revisions\/7303"}],"wp:attachment":[{"href":"https:\/\/degrowth.org\/ca\/wp-json\/wp\/v2\/media?parent=6387"}],"curies":[{"name":"wp","href":"https:\/\/api.w.org\/{rel}","templated":true}]}}